{"id":2568,"date":"2026-02-08T23:40:12","date_gmt":"2026-02-09T03:40:12","guid":{"rendered":"https:\/\/akubaa.com\/?post_type=product&#038;p=2568"},"modified":"2026-02-09T23:33:08","modified_gmt":"2026-02-10T03:33:08","slug":"colorea-la-gran-aventura-de-ale-y-angel-en-san-valentin","status":"publish","type":"product","link":"https:\/\/akubaa.com\/index.php\/producto\/colorea-la-gran-aventura-de-ale-y-angel-en-san-valentin\/","title":{"rendered":"Colorea la Gran Aventura de Ale y Angel en San Valentin"},"content":{"rendered":"<h2 data-start=\"186\" data-end=\"252\">\ud83d\udc96 Colorea la Gran Aventura de Ale y \u00c1ngel en San Valent\u00edn \ud83d\udc96<\/h2>\n<p data-start=\"253\" data-end=\"322\"><strong data-start=\"253\" data-end=\"322\">Un libro de colorear lleno de amor, amistad y emociones positivas<\/strong><\/p>\n<p data-start=\"324\" data-end=\"548\">Acompa\u00f1a a <strong data-start=\"335\" data-end=\"350\">Ale y \u00c1ngel<\/strong> en una dulce aventura de <strong data-start=\"376\" data-end=\"392\">San Valent\u00edn.<\/strong> Donde descubren que el amor no solo vive en los corazones. Sino tambi\u00e9n en la <strong data-start=\"472\" data-end=\"483\">amistad<\/strong>, la <strong data-start=\"488\" data-end=\"503\">solidaridad<\/strong> y la <strong data-start=\"509\" data-end=\"547\">alegr\u00eda de compartir con los dem\u00e1s<\/strong>.<\/p>\n<p data-start=\"550\" data-end=\"775\">A lo largo de esta historia para colorear, los ni\u00f1os y ni\u00f1as vivir\u00e1n momentos especiales junto a los protagonistas. Crear tarjetas, jugar con amigos, ayudar a otros ni\u00f1os y celebrar un d\u00eda lleno de sonrisas, abrazos y cari\u00f1o.<\/p>\n<p data-start=\"777\" data-end=\"959\">Cada p\u00e1gina invita a <strong data-start=\"798\" data-end=\"834\">imaginar, expresarse y disfrutar. C<\/strong>on ilustraciones grandes y claras que ocupan toda la hoja, ideales para manos peque\u00f1as y para ni\u00f1os que a\u00fan no saben leer.<\/p>\n<hr data-start=\"961\" data-end=\"964\" \/>\n<h3 data-start=\"966\" data-end=\"1000\">\ud83c\udf38 \u00bfPor qu\u00e9 elegir este libro?<\/h3>\n<p data-start=\"1002\" data-end=\"1383\">\u2714 Ilustraciones a <strong data-start=\"1020\" data-end=\"1039\">p\u00e1gina completa<\/strong>, perfectas para colorear sin distracciones<br data-start=\"1082\" data-end=\"1085\" \/>\u2714 Escenas <strong data-start=\"1095\" data-end=\"1108\">sin texto<\/strong>, pensadas para ni\u00f1os y ni\u00f1as de <strong data-start=\"1141\" data-end=\"1155\">3 a 6 a\u00f1os<\/strong><br data-start=\"1155\" data-end=\"1158\" \/>\u2714 Fomenta la <strong data-start=\"1171\" data-end=\"1223\">empat\u00eda, la amistad, el respeto y <a href=\"https:\/\/akubaa.com\/index.php\/2026\/02\/05\/resistencia-creativa\/\">la creatividad<\/a><\/strong><br data-start=\"1223\" data-end=\"1226\" \/>\u2714 Ideal para compartir en <strong data-start=\"1252\" data-end=\"1298\">familia, en el aula o como regalo especial<\/strong><br data-start=\"1298\" data-end=\"1301\" \/>\u2714 Dise\u00f1ado con ternura y cuidado para acompa\u00f1ar el desarrollo emocional infantil<\/p>\n<hr data-start=\"1385\" data-end=\"1388\" \/>\n<p data-start=\"1390\" data-end=\"1523\">\ud83c\udfa8 <strong data-start=\"1393\" data-end=\"1435\">Colorear es una forma de expresar amor<\/strong><br data-start=\"1435\" data-end=\"1438\" \/>\ud83d\udcd8 Un libro creado con dedicaci\u00f3n, sensibilidad y alegr\u00eda<br data-start=\"1495\" data-end=\"1498\" \/>\ud83c\udff7\ufe0f <strong data-start=\"1502\" data-end=\"1523\">Editorial: <a href=\"https:\/\/akmundovirtual.com\/#google_vignette\">AKbook<\/a><\/strong><\/p>\n<p data-start=\"1525\" data-end=\"1586\">\ud83d\udc9d <strong data-start=\"1528\" data-end=\"1583\">Un San Valent\u00edn para recordar, colorear y compartir<\/strong> \ud83d\udc9d<\/p>\n","protected":false},"excerpt":{"rendered":"<p>40 plantilla lista para colorear ideal para ni\u00f1os de 3 \u00a0a 8 a\u00f1os \u00a0y descargables \u00a0en segundos .<\/p>\n","protected":false},"featured_media":2570,"comment_status":"open","ping_status":"closed","template":"","meta":{"jetpack_post_was_ever_published":false,"jetpack_publicize_message":"","jetpack_publicize_feature_enabled":true,"jetpack_social_post_already_shared":true,"jetpack_social_options":{"image_generator_settings":{"template":"highway","default_image_id":0,"font":"","enabled":false},"version":2}},"product_brand":[],"product_cat":[34],"product_tag":[],"class_list":{"0":"post-2568","1":"product","2":"type-product","3":"status-publish","4":"has-post-thumbnail","6":"product_cat-ebooks","8":"first","9":"instock","10":"sale","11":"featured","12":"downloadable","13":"virtual","14":"taxable","15":"purchasable","16":"product-type-simple"},"yoast_head":"<!-- This site is optimized with the Yoast SEO plugin v27.4 - https:\/\/yoast.com\/product\/yoast-seo-wordpress\/ -->\n<title>Libro de colorear : la gran aventura de Ale y Agel en San Valentin. - AKubaa<\/title>\n<meta name=\"description\" content=\"Descarga ya para tus ni\u00f1os otra gran aventura de Ale y Angel ahora en San Valentin el mejor libro de colorear que puedes descargar en segundos.\" \/>\n<meta name=\"robots\" content=\"index, follow, max-snippet:-1, max-image-preview:large, max-video-preview:-1\" \/>\n<link rel=\"canonical\" href=\"https:\/\/akubaa.com\/index.php\/producto\/colorea-la-gran-aventura-de-ale-y-angel-en-san-valentin\/\" \/>\n<meta property=\"og:locale\" content=\"es_ES\" \/>\n<meta property=\"og:type\" content=\"article\" \/>\n<meta property=\"og:title\" content=\"Libro de colorear : la gran aventura de Ale y Agel en San Valentin. - AKubaa\" \/>\n<meta property=\"og:description\" content=\"Descarga ya para tus ni\u00f1os otra gran aventura de Ale y Angel ahora en San Valentin el mejor libro de colorear que puedes descargar en segundos.\" \/>\n<meta property=\"og:url\" content=\"https:\/\/akubaa.com\/index.php\/producto\/colorea-la-gran-aventura-de-ale-y-angel-en-san-valentin\/\" \/>\n<meta property=\"og:site_name\" content=\"AKubaa\" \/>\n<meta property=\"article:publisher\" content=\"https:\/\/www.facebook.com\/akubaa\" \/>\n<meta property=\"article:modified_time\" content=\"2026-02-10T03:33:08+00:00\" \/>\n<meta property=\"og:image\" content=\"https:\/\/akubaa.com\/wp-content\/uploads\/2026\/02\/Imagen-250.jpeg\" \/>\n\t<meta property=\"og:image:width\" content=\"1536\" \/>\n\t<meta property=\"og:image:height\" content=\"1024\" \/>\n\t<meta property=\"og:image:type\" content=\"image\/jpeg\" \/>\n<meta name=\"twitter:card\" content=\"summary_large_image\" \/>\n<meta name=\"twitter:label1\" content=\"Tiempo de lectura\" \/>\n\t<meta name=\"twitter:data1\" content=\"2 minutos\" \/>\n<script type=\"application\/ld+json\" class=\"yoast-schema-graph\">{\"@context\":\"https:\\\/\\\/schema.org\",\"@graph\":[{\"@type\":\"WebPage\",\"@id\":\"https:\\\/\\\/akubaa.com\\\/index.php\\\/producto\\\/colorea-la-gran-aventura-de-ale-y-angel-en-san-valentin\\\/\",\"url\":\"https:\\\/\\\/akubaa.com\\\/index.php\\\/producto\\\/colorea-la-gran-aventura-de-ale-y-angel-en-san-valentin\\\/\",\"name\":\"Libro de colorear : la gran aventura de Ale y Agel en San Valentin. - AKubaa\",\"isPartOf\":{\"@id\":\"https:\\\/\\\/akubaa.com\\\/#website\"},\"primaryImageOfPage\":{\"@id\":\"https:\\\/\\\/akubaa.com\\\/index.php\\\/producto\\\/colorea-la-gran-aventura-de-ale-y-angel-en-san-valentin\\\/#primaryimage\"},\"image\":{\"@id\":\"https:\\\/\\\/akubaa.com\\\/index.php\\\/producto\\\/colorea-la-gran-aventura-de-ale-y-angel-en-san-valentin\\\/#primaryimage\"},\"thumbnailUrl\":\"https:\\\/\\\/akubaa.com\\\/wp-content\\\/uploads\\\/2026\\\/02\\\/Imagen-250.jpeg\",\"datePublished\":\"2026-02-09T03:40:12+00:00\",\"dateModified\":\"2026-02-10T03:33:08+00:00\",\"description\":\"Descarga ya para tus ni\u00f1os otra gran aventura de Ale y Angel ahora en San Valentin el mejor libro de colorear que puedes descargar en segundos.\",\"breadcrumb\":{\"@id\":\"https:\\\/\\\/akubaa.com\\\/index.php\\\/producto\\\/colorea-la-gran-aventura-de-ale-y-angel-en-san-valentin\\\/#breadcrumb\"},\"inLanguage\":\"es\",\"potentialAction\":[{\"@type\":\"ReadAction\",\"target\":[\"https:\\\/\\\/akubaa.com\\\/index.php\\\/producto\\\/colorea-la-gran-aventura-de-ale-y-angel-en-san-valentin\\\/\"]}]},{\"@type\":\"ImageObject\",\"inLanguage\":\"es\",\"@id\":\"https:\\\/\\\/akubaa.com\\\/index.php\\\/producto\\\/colorea-la-gran-aventura-de-ale-y-angel-en-san-valentin\\\/#primaryimage\",\"url\":\"https:\\\/\\\/akubaa.com\\\/wp-content\\\/uploads\\\/2026\\\/02\\\/Imagen-250.jpeg\",\"contentUrl\":\"https:\\\/\\\/akubaa.com\\\/wp-content\\\/uploads\\\/2026\\\/02\\\/Imagen-250.jpeg\",\"width\":1536,\"height\":1024},{\"@type\":\"BreadcrumbList\",\"@id\":\"https:\\\/\\\/akubaa.com\\\/index.php\\\/producto\\\/colorea-la-gran-aventura-de-ale-y-angel-en-san-valentin\\\/#breadcrumb\",\"itemListElement\":[{\"@type\":\"ListItem\",\"position\":1,\"name\":\"Portada\",\"item\":\"https:\\\/\\\/akubaa.com\\\/\"},{\"@type\":\"ListItem\",\"position\":2,\"name\":\"Tienda\",\"item\":\"https:\\\/\\\/akubaa.com\\\/index.php\\\/tienda\\\/\"},{\"@type\":\"ListItem\",\"position\":3,\"name\":\"Colorea la Gran Aventura de Ale y Angel en San Valentin\"}]},{\"@type\":\"WebSite\",\"@id\":\"https:\\\/\\\/akubaa.com\\\/#website\",\"url\":\"https:\\\/\\\/akubaa.com\\\/\",\"name\":\"AKubaa\",\"description\":\"Vive ,conoce y disfruta Cuba al estilo de A&amp;K.\",\"publisher\":{\"@id\":\"https:\\\/\\\/akubaa.com\\\/#\\\/schema\\\/person\\\/b096b63c1ad27204e55fabb2cf2153a5\"},\"potentialAction\":[{\"@type\":\"SearchAction\",\"target\":{\"@type\":\"EntryPoint\",\"urlTemplate\":\"https:\\\/\\\/akubaa.com\\\/?s={search_term_string}\"},\"query-input\":{\"@type\":\"PropertyValueSpecification\",\"valueRequired\":true,\"valueName\":\"search_term_string\"}}],\"inLanguage\":\"es\"},{\"@type\":[\"Person\",\"Organization\"],\"@id\":\"https:\\\/\\\/akubaa.com\\\/#\\\/schema\\\/person\\\/b096b63c1ad27204e55fabb2cf2153a5\",\"name\":\"AKubaa\",\"image\":{\"@type\":\"ImageObject\",\"inLanguage\":\"es\",\"@id\":\"https:\\\/\\\/akubaa.com\\\/wp-content\\\/uploads\\\/2025\\\/08\\\/Imagen-17.jpeg\",\"url\":\"https:\\\/\\\/akubaa.com\\\/wp-content\\\/uploads\\\/2025\\\/08\\\/Imagen-17.jpeg\",\"contentUrl\":\"https:\\\/\\\/akubaa.com\\\/wp-content\\\/uploads\\\/2025\\\/08\\\/Imagen-17.jpeg\",\"width\":1024,\"height\":1024,\"caption\":\"AKubaa\"},\"logo\":{\"@id\":\"https:\\\/\\\/akubaa.com\\\/wp-content\\\/uploads\\\/2025\\\/08\\\/Imagen-17.jpeg\"},\"sameAs\":[\"https:\\\/\\\/akubaa.com\",\"https:\\\/\\\/www.facebook.com\\\/akubaa\",\"https:\\\/\\\/www.instagram.com\\\/akubaa?\"]}]}<\/script>\n<!-- \/ Yoast SEO plugin. -->","yoast_head_json":{"title":"Libro de colorear : la gran aventura de Ale y Agel en San Valentin. - AKubaa","description":"Descarga ya para tus ni\u00f1os otra gran aventura de Ale y Angel ahora en San Valentin el mejor libro de colorear que puedes descargar en segundos.","robots":{"index":"index","follow":"follow","max-snippet":"max-snippet:-1","max-image-preview":"max-image-preview:large","max-video-preview":"max-video-preview:-1"},"canonical":"https:\/\/akubaa.com\/index.php\/producto\/colorea-la-gran-aventura-de-ale-y-angel-en-san-valentin\/","og_locale":"es_ES","og_type":"article","og_title":"Libro de colorear : la gran aventura de Ale y Agel en San Valentin. - AKubaa","og_description":"Descarga ya para tus ni\u00f1os otra gran aventura de Ale y Angel ahora en San Valentin el mejor libro de colorear que puedes descargar en segundos.","og_url":"https:\/\/akubaa.com\/index.php\/producto\/colorea-la-gran-aventura-de-ale-y-angel-en-san-valentin\/","og_site_name":"AKubaa","article_publisher":"https:\/\/www.facebook.com\/akubaa","article_modified_time":"2026-02-10T03:33:08+00:00","og_image":[{"width":1536,"height":1024,"url":"https:\/\/akubaa.com\/wp-content\/uploads\/2026\/02\/Imagen-250.jpeg","type":"image\/jpeg"}],"twitter_card":"summary_large_image","twitter_misc":{"Tiempo de lectura":"2 minutos"},"schema":{"@context":"https:\/\/schema.org","@graph":[{"@type":"WebPage","@id":"https:\/\/akubaa.com\/index.php\/producto\/colorea-la-gran-aventura-de-ale-y-angel-en-san-valentin\/","url":"https:\/\/akubaa.com\/index.php\/producto\/colorea-la-gran-aventura-de-ale-y-angel-en-san-valentin\/","name":"Libro de colorear : la gran aventura de Ale y Agel en San Valentin. - AKubaa","isPartOf":{"@id":"https:\/\/akubaa.com\/#website"},"primaryImageOfPage":{"@id":"https:\/\/akubaa.com\/index.php\/producto\/colorea-la-gran-aventura-de-ale-y-angel-en-san-valentin\/#primaryimage"},"image":{"@id":"https:\/\/akubaa.com\/index.php\/producto\/colorea-la-gran-aventura-de-ale-y-angel-en-san-valentin\/#primaryimage"},"thumbnailUrl":"https:\/\/akubaa.com\/wp-content\/uploads\/2026\/02\/Imagen-250.jpeg","datePublished":"2026-02-09T03:40:12+00:00","dateModified":"2026-02-10T03:33:08+00:00","description":"Descarga ya para tus ni\u00f1os otra gran aventura de Ale y Angel ahora en San Valentin el mejor libro de colorear que puedes descargar en segundos.","breadcrumb":{"@id":"https:\/\/akubaa.com\/index.php\/producto\/colorea-la-gran-aventura-de-ale-y-angel-en-san-valentin\/#breadcrumb"},"inLanguage":"es","potentialAction":[{"@type":"ReadAction","target":["https:\/\/akubaa.com\/index.php\/producto\/colorea-la-gran-aventura-de-ale-y-angel-en-san-valentin\/"]}]},{"@type":"ImageObject","inLanguage":"es","@id":"https:\/\/akubaa.com\/index.php\/producto\/colorea-la-gran-aventura-de-ale-y-angel-en-san-valentin\/#primaryimage","url":"https:\/\/akubaa.com\/wp-content\/uploads\/2026\/02\/Imagen-250.jpeg","contentUrl":"https:\/\/akubaa.com\/wp-content\/uploads\/2026\/02\/Imagen-250.jpeg","width":1536,"height":1024},{"@type":"BreadcrumbList","@id":"https:\/\/akubaa.com\/index.php\/producto\/colorea-la-gran-aventura-de-ale-y-angel-en-san-valentin\/#breadcrumb","itemListElement":[{"@type":"ListItem","position":1,"name":"Portada","item":"https:\/\/akubaa.com\/"},{"@type":"ListItem","position":2,"name":"Tienda","item":"https:\/\/akubaa.com\/index.php\/tienda\/"},{"@type":"ListItem","position":3,"name":"Colorea la Gran Aventura de Ale y Angel en San Valentin"}]},{"@type":"WebSite","@id":"https:\/\/akubaa.com\/#website","url":"https:\/\/akubaa.com\/","name":"AKubaa","description":"Vive ,conoce y disfruta Cuba al estilo de A&amp;K.","publisher":{"@id":"https:\/\/akubaa.com\/#\/schema\/person\/b096b63c1ad27204e55fabb2cf2153a5"},"potentialAction":[{"@type":"SearchAction","target":{"@type":"EntryPoint","urlTemplate":"https:\/\/akubaa.com\/?s={search_term_string}"},"query-input":{"@type":"PropertyValueSpecification","valueRequired":true,"valueName":"search_term_string"}}],"inLanguage":"es"},{"@type":["Person","Organization"],"@id":"https:\/\/akubaa.com\/#\/schema\/person\/b096b63c1ad27204e55fabb2cf2153a5","name":"AKubaa","image":{"@type":"ImageObject","inLanguage":"es","@id":"https:\/\/akubaa.com\/wp-content\/uploads\/2025\/08\/Imagen-17.jpeg","url":"https:\/\/akubaa.com\/wp-content\/uploads\/2025\/08\/Imagen-17.jpeg","contentUrl":"https:\/\/akubaa.com\/wp-content\/uploads\/2025\/08\/Imagen-17.jpeg","width":1024,"height":1024,"caption":"AKubaa"},"logo":{"@id":"https:\/\/akubaa.com\/wp-content\/uploads\/2025\/08\/Imagen-17.jpeg"},"sameAs":["https:\/\/akubaa.com","https:\/\/www.facebook.com\/akubaa","https:\/\/www.instagram.com\/akubaa?"]}]}},"jetpack_publicize_connections":[],"jetpack_sharing_enabled":true,"jetpack_likes_enabled":true,"jetpack-related-posts":[{"id":1892,"url":"https:\/\/akubaa.com\/index.php\/producto\/mama-en-pausa-7-dias-para-recuperar-tu-calma-sin-dejar-de-ser-tu\/","url_meta":{"origin":2568,"position":0},"title":"MAM\u00c1 EN PAUSA \u2013 7 d\u00edas para recuperar tu calma sin dejar de ser t\u00fa","author":"AKubaa","date":"11\/06\/2025","format":false,"excerpt":"En solo siete d\u00edas, a trav\u00e9s de historias reales, pasos simples y cierres nocturnos llenos de ternura, esta gu\u00eda te acompa\u00f1a a:\u2022 poner l\u00edmites sin culpa,\u2022 escuchar tu cuerpo,\u2022 soltar la exigencia,\u2022 descansar sin remordimiento,\u2022 y reconectar con la mujer que siempre fuiste. Escrito con sensibilidad y verdad por AK,\u2026","rel":"","context":"Entrada similar","block_context":{"text":"Entrada similar","link":""},"img":{"alt_text":"","src":"https:\/\/i0.wp.com\/akubaa.com\/wp-content\/uploads\/2025\/11\/Mama-en-Pausa-.jpeg?resize=350%2C200&ssl=1","width":350,"height":200},"classes":[]}],"_links":{"self":[{"href":"https:\/\/akubaa.com\/index.php\/wp-json\/wp\/v2\/product\/2568","targetHints":{"allow":["GET"]}}],"collection":[{"href":"https:\/\/akubaa.com\/index.php\/wp-json\/wp\/v2\/product"}],"about":[{"href":"https:\/\/akubaa.com\/index.php\/wp-json\/wp\/v2\/types\/product"}],"replies":[{"embeddable":true,"href":"https:\/\/akubaa.com\/index.php\/wp-json\/wp\/v2\/comments?post=2568"}],"wp:featuredmedia":[{"embeddable":true,"href":"https:\/\/akubaa.com\/index.php\/wp-json\/wp\/v2\/media\/2570"}],"wp:attachment":[{"href":"https:\/\/akubaa.com\/index.php\/wp-json\/wp\/v2\/media?parent=2568"}],"wp:term":[{"taxonomy":"product_brand","embeddable":true,"href":"https:\/\/akubaa.com\/index.php\/wp-json\/wp\/v2\/product_brand?post=2568"},{"taxonomy":"product_cat","embeddable":true,"href":"https:\/\/akubaa.com\/index.php\/wp-json\/wp\/v2\/product_cat?post=2568"},{"taxonomy":"product_tag","embeddable":true,"href":"https:\/\/akubaa.com\/index.php\/wp-json\/wp\/v2\/product_tag?post=2568"}],"curies":[{"name":"wp","href":"https:\/\/api.w.org\/{rel}","templated":true}]}}