{"id":65,"date":"2025-03-28T03:10:16","date_gmt":"2025-03-28T03:10:16","guid":{"rendered":"https:\/\/akubaa.com\/?page_id=65"},"modified":"2025-03-28T13:20:44","modified_gmt":"2025-03-28T17:20:44","slug":"quienes-somos","status":"publish","type":"page","link":"https:\/\/akubaa.com\/index.php\/quienes-somos\/","title":{"rendered":"\u00bfQuienes Somos?"},"content":{"rendered":"\n<p>Somos una\u00a0<strong>compa\u00f1ia fundada el a\u00f1o 2023<\/strong>\u00a0por dos apasionados de la tecnolog\u00eda.Nuestro proyecto ve la luz con un objetivo muy claro proporcionar informaci\u00f3n sobre todo lo relacionado con los dispositivos inteligentes, desde smartphone hasta autos el\u00e9ctricos y ayudar a cada persona a sacarle el mayor provecho a su\u00a0<strong>dispositivo electr\u00f3nico inteligent<\/strong>e o simplemente adentrarnos a conocer\u00a0<strong>nuevas tecnolog\u00edas.<\/strong><\/p>\n\n\n\n<p>Con el paso del tiempo, nuestro proyecto ira creciendo y a\u00f1adiendo contenido con el fin de ayudarte a ampliar tus conocimientos sobre dispositivos electr\u00f3nicos inteligentes. As\u00ed compartiremos<strong>&nbsp;los mejores smartphone , smart TV ,reloj inteligentes,audifonos,s\u00faper computadoras y mas.<\/strong><\/p>\n\n\n\n<hr class=\"wp-block-separator has-alpha-channel-opacity\"\/>\n\n\n\n<h2 class=\"wp-block-heading\" id=\"h-e-quipo-de-redaccion\"><strong>E<\/strong>quipo de redacci\u00f3n\u00a0y SEO<\/h2>\n\n\n\n<figure class=\"wp-block-image\"><img decoding=\"async\" src=\"https:\/\/i0.wp.com\/akmundovirtual.com\/wp-content\/uploads\/2023\/09\/IMG_9934-e1696386840558-803x1024.png?resize=803%2C1024&amp;ssl=1\" alt=\"\" class=\"wp-image-372\"\/><\/figure>\n\n\n\n<p><strong>Aliana Rodriguez&nbsp;<\/strong><\/p>\n\n\n\n<p>T\u00e9cnico en Farmacia de profesi\u00f3n, creadora de contenido tecnol\u00f3gico de pasi\u00f3n ,amante de los viajes de los dispositivos electronicos,de la lectura y de los medios audiovisuales.Me gusta el infinito mundo de la tecnolog\u00eda.<\/p>\n\n\n\n<hr class=\"wp-block-separator has-alpha-channel-opacity\"\/>\n\n\n\n<figure class=\"wp-block-image\"><img decoding=\"async\" src=\"https:\/\/i0.wp.com\/akmundovirtual.com\/wp-content\/uploads\/2023\/09\/IMG_7702.jpeg?resize=768%2C1024&amp;ssl=1\" alt=\"\" class=\"wp-image-376\"\/><\/figure>\n\n\n\n<p><strong>Maria Karla Molina&nbsp;<\/strong><\/p>\n\n\n\n<p>Licenciada en Sociocultural de profesi\u00f3n,apasionada de los dispositivos electr\u00f3nicos inteligentes, de las redes sociales,amante de los viajes,de los animales en especial las ballenas y gran conocedora del mundo tecnol\u00f3gico.Me fascina el uso de la tecnolog\u00eda en mi vida cotidiana.<\/p>\n\n\n\n<h2 class=\"wp-block-heading\" id=\"h-cual-es-nuestro-proyecto\">\u00bfCual es nuestro proyecto?<\/h2>\n\n\n\n<p>El objetivo de A&amp;K es\u00a0\u00a0<strong>ayudar, educar e informar<\/strong>. Trabajeremos d\u00eda con d\u00eda para publicar art\u00edculos \u00fatiles y de calidad para que toda nuestros lectrores sea aut\u00e9nticos conocedores de los dispositivos electr\u00f3nicos inteligentes.\u00a0<\/p>\n\n\n\n<h2 class=\"wp-block-heading\" id=\"h-que-hacemos-en-a-amp-k\">\u00bfQue hacemos en A&amp;K ?<\/h2>\n\n\n\n<p>Cumplimos nuestros objetivos posteando contenido profesional y actualizado.Con blogs&nbsp;<strong>expl\u00edcitos e im\u00e1genes claras de las caracter\u00edsticas especificas&nbsp;<\/strong>de cada uno de los dispositivos electr\u00f3nicos inteligentes de los que hablaremos, que les ayudaran a conocer a fondo sus dispositivos electr\u00f3nico. Compartiremos&nbsp;<strong>art\u00edculos sobre tecnolog\u00eda, tipos de uso e ideas innovadoras para lograr el mejor rendimiento de su dispositivo<\/strong>&nbsp;<strong>electr\u00f3nico<\/strong>, nuevos productos, todos ellos creado por expertos en tecnolog\u00eda.<\/p>\n\n\n\n<p>Todo el contenido se actualizara constantemente . En nuestras redes sociales siempre estamos activos y buscando los dispositivos electr\u00f3nicos inteligentes trending para as\u00ed compartirlas con todos ustedes.<\/p>\n\n\n\n<p>A&amp;K ser\u00e1 l<strong>a compa\u00f1ia de referencia del mundo tecnol\u00f3gico<\/strong>\u00a0en todo el mercado, brind\u00e1ndole todas la herramientas para sacarle el mayor provecho a nuestros dispositivos electr\u00f3nicos inteligentes.<\/p>\n\n\n\n<h2 class=\"wp-block-heading\" id=\"h-como-nos-contactas\">\u00bfComo nos contactas ?<\/h2>\n\n\n\n<p>Puedes leernos a trav\u00e9s de la p\u00e1gina web,escribir a akmundovirtual@gmail.com. Adem\u00e1s, nos encontrar\u00e1s en&nbsp;<strong><a href=\"https:\/\/facebook.com\/akmundovirtual\">Facebook<\/a>&nbsp;,&nbsp;<a href=\"https:\/\/instagram.com\/akmundovirtual\">Instagram<\/a>&nbsp;,&nbsp;<a href=\"https:\/\/pinterest.com\/akmundovirtual\">Pinterest<\/a>.<\/strong><\/p>\n","protected":false},"excerpt":{"rendered":"<p>Somos una\u00a0compa\u00f1ia fundada el a\u00f1o 2023\u00a0por dos apasionados de la tecnolog\u00eda.Nuestro proyecto ve la luz con un objetivo muy claro proporcionar informaci\u00f3n sobre todo lo relacionado con los dispositivos inteligentes, desde smartphone hasta autos el\u00e9ctricos y ayudar a cada persona a sacarle el mayor provecho a su\u00a0dispositivo electr\u00f3nico inteligente o simplemente adentrarnos a conocer\u00a0nuevas tecnolog\u00edas. [&hellip;]<\/p>\n","protected":false},"author":1,"featured_media":0,"parent":0,"menu_order":0,"comment_status":"closed","ping_status":"closed","template":"","meta":{"jetpack_post_was_ever_published":false,"footnotes":""},"class_list":["post-65","page","type-page","status-publish","hentry"],"yoast_head":"<!-- This site is optimized with the Yoast SEO plugin v27.4 - https:\/\/yoast.com\/product\/yoast-seo-wordpress\/ -->\n<title>\u00bfQuienes Somos? - AKubaa<\/title>\n<meta name=\"robots\" content=\"index, follow, max-snippet:-1, max-image-preview:large, max-video-preview:-1\" \/>\n<link rel=\"canonical\" href=\"https:\/\/akubaa.com\/index.php\/quienes-somos\/\" \/>\n<meta property=\"og:locale\" content=\"es_ES\" \/>\n<meta property=\"og:type\" content=\"article\" \/>\n<meta property=\"og:title\" content=\"\u00bfQuienes Somos? - AKubaa\" \/>\n<meta property=\"og:description\" content=\"Somos una\u00a0compa\u00f1ia fundada el a\u00f1o 2023\u00a0por dos apasionados de la tecnolog\u00eda.Nuestro proyecto ve la luz con un objetivo muy claro proporcionar inf\" \/>\n<meta property=\"og:url\" content=\"https:\/\/akubaa.com\/index.php\/quienes-somos\/\" \/>\n<meta property=\"og:site_name\" content=\"AKubaa\" \/>\n<meta property=\"article:publisher\" content=\"https:\/\/www.facebook.com\/akubaa\" \/>\n<meta property=\"article:modified_time\" content=\"2025-03-28T17:20:44+00:00\" \/>\n<meta property=\"og:image\" content=\"https:\/\/akubaa.com\/wp-content\/uploads\/2025\/06\/image-4-1024x683.png\" \/>\n\t<meta property=\"og:image:width\" content=\"1024\" \/>\n\t<meta property=\"og:image:height\" content=\"683\" \/>\n\t<meta property=\"og:image:type\" content=\"image\/png\" \/>\n<meta name=\"twitter:card\" content=\"summary_large_image\" \/>\n<meta name=\"twitter:label1\" content=\"Tiempo de lectura\" \/>\n\t<meta name=\"twitter:data1\" content=\"3 minutos\" \/>\n<script type=\"application\/ld+json\" class=\"yoast-schema-graph\">{\"@context\":\"https:\\\/\\\/schema.org\",\"@graph\":[{\"@type\":\"WebPage\",\"@id\":\"https:\\\/\\\/akubaa.com\\\/index.php\\\/quienes-somos\\\/\",\"url\":\"https:\\\/\\\/akubaa.com\\\/index.php\\\/quienes-somos\\\/\",\"name\":\"\u00bfQuienes Somos? - AKubaa\",\"isPartOf\":{\"@id\":\"https:\\\/\\\/akubaa.com\\\/#website\"},\"primaryImageOfPage\":{\"@id\":\"https:\\\/\\\/akubaa.com\\\/index.php\\\/quienes-somos\\\/#primaryimage\"},\"image\":{\"@id\":\"https:\\\/\\\/akubaa.com\\\/index.php\\\/quienes-somos\\\/#primaryimage\"},\"thumbnailUrl\":\"https:\\\/\\\/i0.wp.com\\\/akmundovirtual.com\\\/wp-content\\\/uploads\\\/2023\\\/09\\\/IMG_9934-e1696386840558-803x1024.png?resize=803%2C1024&amp;ssl=1\",\"datePublished\":\"2025-03-28T03:10:16+00:00\",\"dateModified\":\"2025-03-28T17:20:44+00:00\",\"breadcrumb\":{\"@id\":\"https:\\\/\\\/akubaa.com\\\/index.php\\\/quienes-somos\\\/#breadcrumb\"},\"inLanguage\":\"es\",\"potentialAction\":[{\"@type\":\"ReadAction\",\"target\":[\"https:\\\/\\\/akubaa.com\\\/index.php\\\/quienes-somos\\\/\"]}]},{\"@type\":\"ImageObject\",\"inLanguage\":\"es\",\"@id\":\"https:\\\/\\\/akubaa.com\\\/index.php\\\/quienes-somos\\\/#primaryimage\",\"url\":\"https:\\\/\\\/i0.wp.com\\\/akmundovirtual.com\\\/wp-content\\\/uploads\\\/2023\\\/09\\\/IMG_9934-e1696386840558-803x1024.png?resize=803%2C1024&amp;ssl=1\",\"contentUrl\":\"https:\\\/\\\/i0.wp.com\\\/akmundovirtual.com\\\/wp-content\\\/uploads\\\/2023\\\/09\\\/IMG_9934-e1696386840558-803x1024.png?resize=803%2C1024&amp;ssl=1\"},{\"@type\":\"BreadcrumbList\",\"@id\":\"https:\\\/\\\/akubaa.com\\\/index.php\\\/quienes-somos\\\/#breadcrumb\",\"itemListElement\":[{\"@type\":\"ListItem\",\"position\":1,\"name\":\"Portada\",\"item\":\"https:\\\/\\\/akubaa.com\\\/\"},{\"@type\":\"ListItem\",\"position\":2,\"name\":\"\u00bfQuienes Somos?\"}]},{\"@type\":\"WebSite\",\"@id\":\"https:\\\/\\\/akubaa.com\\\/#website\",\"url\":\"https:\\\/\\\/akubaa.com\\\/\",\"name\":\"AKubaa\",\"description\":\"Vive ,conoce y disfruta Cuba al estilo de A&amp;K.\",\"publisher\":{\"@id\":\"https:\\\/\\\/akubaa.com\\\/#\\\/schema\\\/person\\\/b096b63c1ad27204e55fabb2cf2153a5\"},\"potentialAction\":[{\"@type\":\"SearchAction\",\"target\":{\"@type\":\"EntryPoint\",\"urlTemplate\":\"https:\\\/\\\/akubaa.com\\\/?s={search_term_string}\"},\"query-input\":{\"@type\":\"PropertyValueSpecification\",\"valueRequired\":true,\"valueName\":\"search_term_string\"}}],\"inLanguage\":\"es\"},{\"@type\":[\"Person\",\"Organization\"],\"@id\":\"https:\\\/\\\/akubaa.com\\\/#\\\/schema\\\/person\\\/b096b63c1ad27204e55fabb2cf2153a5\",\"name\":\"AKubaa\",\"image\":{\"@type\":\"ImageObject\",\"inLanguage\":\"es\",\"@id\":\"https:\\\/\\\/akubaa.com\\\/wp-content\\\/uploads\\\/2025\\\/08\\\/Imagen-17.jpeg\",\"url\":\"https:\\\/\\\/akubaa.com\\\/wp-content\\\/uploads\\\/2025\\\/08\\\/Imagen-17.jpeg\",\"contentUrl\":\"https:\\\/\\\/akubaa.com\\\/wp-content\\\/uploads\\\/2025\\\/08\\\/Imagen-17.jpeg\",\"width\":1024,\"height\":1024,\"caption\":\"AKubaa\"},\"logo\":{\"@id\":\"https:\\\/\\\/akubaa.com\\\/wp-content\\\/uploads\\\/2025\\\/08\\\/Imagen-17.jpeg\"},\"sameAs\":[\"https:\\\/\\\/akubaa.com\",\"https:\\\/\\\/www.facebook.com\\\/akubaa\",\"https:\\\/\\\/www.instagram.com\\\/akubaa?\"]}]}<\/script>\n<!-- \/ Yoast SEO plugin. -->","yoast_head_json":{"title":"\u00bfQuienes Somos? - AKubaa","robots":{"index":"index","follow":"follow","max-snippet":"max-snippet:-1","max-image-preview":"max-image-preview:large","max-video-preview":"max-video-preview:-1"},"canonical":"https:\/\/akubaa.com\/index.php\/quienes-somos\/","og_locale":"es_ES","og_type":"article","og_title":"\u00bfQuienes Somos? - AKubaa","og_description":"Somos una\u00a0compa\u00f1ia fundada el a\u00f1o 2023\u00a0por dos apasionados de la tecnolog\u00eda.Nuestro proyecto ve la luz con un objetivo muy claro proporcionar inf","og_url":"https:\/\/akubaa.com\/index.php\/quienes-somos\/","og_site_name":"AKubaa","article_publisher":"https:\/\/www.facebook.com\/akubaa","article_modified_time":"2025-03-28T17:20:44+00:00","og_image":[{"width":1024,"height":683,"url":"https:\/\/akubaa.com\/wp-content\/uploads\/2025\/06\/image-4-1024x683.png","type":"image\/png"}],"twitter_card":"summary_large_image","twitter_misc":{"Tiempo de lectura":"3 minutos"},"schema":{"@context":"https:\/\/schema.org","@graph":[{"@type":"WebPage","@id":"https:\/\/akubaa.com\/index.php\/quienes-somos\/","url":"https:\/\/akubaa.com\/index.php\/quienes-somos\/","name":"\u00bfQuienes Somos? - AKubaa","isPartOf":{"@id":"https:\/\/akubaa.com\/#website"},"primaryImageOfPage":{"@id":"https:\/\/akubaa.com\/index.php\/quienes-somos\/#primaryimage"},"image":{"@id":"https:\/\/akubaa.com\/index.php\/quienes-somos\/#primaryimage"},"thumbnailUrl":"https:\/\/i0.wp.com\/akmundovirtual.com\/wp-content\/uploads\/2023\/09\/IMG_9934-e1696386840558-803x1024.png?resize=803%2C1024&amp;ssl=1","datePublished":"2025-03-28T03:10:16+00:00","dateModified":"2025-03-28T17:20:44+00:00","breadcrumb":{"@id":"https:\/\/akubaa.com\/index.php\/quienes-somos\/#breadcrumb"},"inLanguage":"es","potentialAction":[{"@type":"ReadAction","target":["https:\/\/akubaa.com\/index.php\/quienes-somos\/"]}]},{"@type":"ImageObject","inLanguage":"es","@id":"https:\/\/akubaa.com\/index.php\/quienes-somos\/#primaryimage","url":"https:\/\/i0.wp.com\/akmundovirtual.com\/wp-content\/uploads\/2023\/09\/IMG_9934-e1696386840558-803x1024.png?resize=803%2C1024&amp;ssl=1","contentUrl":"https:\/\/i0.wp.com\/akmundovirtual.com\/wp-content\/uploads\/2023\/09\/IMG_9934-e1696386840558-803x1024.png?resize=803%2C1024&amp;ssl=1"},{"@type":"BreadcrumbList","@id":"https:\/\/akubaa.com\/index.php\/quienes-somos\/#breadcrumb","itemListElement":[{"@type":"ListItem","position":1,"name":"Portada","item":"https:\/\/akubaa.com\/"},{"@type":"ListItem","position":2,"name":"\u00bfQuienes Somos?"}]},{"@type":"WebSite","@id":"https:\/\/akubaa.com\/#website","url":"https:\/\/akubaa.com\/","name":"AKubaa","description":"Vive ,conoce y disfruta Cuba al estilo de A&amp;K.","publisher":{"@id":"https:\/\/akubaa.com\/#\/schema\/person\/b096b63c1ad27204e55fabb2cf2153a5"},"potentialAction":[{"@type":"SearchAction","target":{"@type":"EntryPoint","urlTemplate":"https:\/\/akubaa.com\/?s={search_term_string}"},"query-input":{"@type":"PropertyValueSpecification","valueRequired":true,"valueName":"search_term_string"}}],"inLanguage":"es"},{"@type":["Person","Organization"],"@id":"https:\/\/akubaa.com\/#\/schema\/person\/b096b63c1ad27204e55fabb2cf2153a5","name":"AKubaa","image":{"@type":"ImageObject","inLanguage":"es","@id":"https:\/\/akubaa.com\/wp-content\/uploads\/2025\/08\/Imagen-17.jpeg","url":"https:\/\/akubaa.com\/wp-content\/uploads\/2025\/08\/Imagen-17.jpeg","contentUrl":"https:\/\/akubaa.com\/wp-content\/uploads\/2025\/08\/Imagen-17.jpeg","width":1024,"height":1024,"caption":"AKubaa"},"logo":{"@id":"https:\/\/akubaa.com\/wp-content\/uploads\/2025\/08\/Imagen-17.jpeg"},"sameAs":["https:\/\/akubaa.com","https:\/\/www.facebook.com\/akubaa","https:\/\/www.instagram.com\/akubaa?"]}]}},"jetpack_sharing_enabled":true,"jetpack_likes_enabled":true,"jetpack-related-posts":[{"id":2170,"url":"https:\/\/akubaa.com\/index.php\/directorio-de-negocios-cubanos-akubaa\/","url_meta":{"origin":65,"position":0},"title":"Directorio de Negocios Cubanos AKubaa","author":"AKubaa","date":"12\/11\/2025","format":false,"excerpt":"El buscador oficial de emprendimientos cubanos dentro y fuera de la Isla. Como creadora \u00a0y CEO de AKubaa, siempre he cre\u00eddo que los cubanos somos una fuerza econ\u00f3mica y creativa sin fronteras. Nuestro talento, nuestra inventiva y nuestra capacidad de emprender aparecen en cualquier lugar del mundo donde haya un\u2026","rel":"","context":"Entrada similar","block_context":{"text":"Entrada similar","link":""},"img":{"alt_text":"","src":"https:\/\/i0.wp.com\/akubaa.com\/wp-content\/uploads\/2025\/12\/image-14.png?resize=350%2C200&ssl=1","width":350,"height":200,"srcset":"https:\/\/i0.wp.com\/akubaa.com\/wp-content\/uploads\/2025\/12\/image-14.png?resize=350%2C200&ssl=1 1x, https:\/\/i0.wp.com\/akubaa.com\/wp-content\/uploads\/2025\/12\/image-14.png?resize=525%2C300&ssl=1 1.5x, https:\/\/i0.wp.com\/akubaa.com\/wp-content\/uploads\/2025\/12\/image-14.png?resize=700%2C400&ssl=1 2x, https:\/\/i0.wp.com\/akubaa.com\/wp-content\/uploads\/2025\/12\/image-14.png?resize=1050%2C600&ssl=1 3x, https:\/\/i0.wp.com\/akubaa.com\/wp-content\/uploads\/2025\/12\/image-14.png?resize=1400%2C800&ssl=1 4x"},"classes":[]}],"jetpack_shortlink":"https:\/\/wp.me\/PgrKo3-13","_links":{"self":[{"href":"https:\/\/akubaa.com\/index.php\/wp-json\/wp\/v2\/pages\/65","targetHints":{"allow":["GET"]}}],"collection":[{"href":"https:\/\/akubaa.com\/index.php\/wp-json\/wp\/v2\/pages"}],"about":[{"href":"https:\/\/akubaa.com\/index.php\/wp-json\/wp\/v2\/types\/page"}],"author":[{"embeddable":true,"href":"https:\/\/akubaa.com\/index.php\/wp-json\/wp\/v2\/users\/1"}],"replies":[{"embeddable":true,"href":"https:\/\/akubaa.com\/index.php\/wp-json\/wp\/v2\/comments?post=65"}],"version-history":[{"count":0,"href":"https:\/\/akubaa.com\/index.php\/wp-json\/wp\/v2\/pages\/65\/revisions"}],"wp:attachment":[{"href":"https:\/\/akubaa.com\/index.php\/wp-json\/wp\/v2\/media?parent=65"}],"curies":[{"name":"wp","href":"https:\/\/api.w.org\/{rel}","templated":true}]}}