{"id":1994,"date":"2025-11-17T15:34:50","date_gmt":"2025-11-17T19:34:50","guid":{"rendered":"https:\/\/akubaa.com\/?page_id=1994"},"modified":"2025-11-17T15:35:00","modified_gmt":"2025-11-17T19:35:00","slug":"anunciate-en-akubaa","status":"publish","type":"page","link":"https:\/\/akubaa.com\/index.php\/anunciate-en-akubaa\/","title":{"rendered":"An\u00fanciate con AKubaa \u2014 Impulsa tu Negocio con Art\u00edculos + Promoci\u00f3n Premium."},"content":{"rendered":"\n<hr class=\"wp-block-separator has-alpha-channel-opacity\"\/>\n\n\n\n<h3 class=\"wp-block-heading\"><strong>DESCRIPCI\u00d3N DEL FORMULARIO<\/strong><\/h3>\n\n\n\n<p>Promociona tu negocio con AKubaa y llega a miles de personas en EE.UU., Cuba, Miami, la di\u00e1spora latina y todo el p\u00fablico que sigue nuestro contenido.<\/p>\n\n\n\n<p>Completa este formulario y prepara tu marca para una&nbsp;<strong>promoci\u00f3n profesional<\/strong>, que incluye:<\/p>\n\n\n\n<p>\u2728 Art\u00edculo completo en AKubaa.com<br>\u2728 Rese\u00f1a personalizada<br>\u2728 Publicaci\u00f3n en YouTube (AKubaa Sin Filtros)<br>\u2728 Impulso en Instagram, Facebook y Threads<br>\u2728 Opci\u00f3n de reel promocional<br>\u2728 Visibilidad directa en Google<br>\u2728 Promoci\u00f3n adaptada a tu tipo de negocio<\/p>\n\n\n\n<p>Tu historia importa. Tu marca merece ser vista.<\/p>\n\n\n\n<iframe loading=\"lazy\" \n  src=\"https:\/\/docs.google.com\/forms\/d\/e\/1FAIpQLSebibbIwYL70TbpDKt46yrSErKqFVwIIvrOEeuvgpzpsu-V0A\/viewform?embedded=true\" \n  width=\"100%\" \n  height=\"2000\" \n  frameborder=\"0\" \n  marginheight=\"0\" \n  marginwidth=\"0\">\nCargando\u2026\n<\/iframe>\n\n","protected":false},"excerpt":{"rendered":"<p>DESCRIPCI\u00d3N DEL FORMULARIO Promociona tu negocio con AKubaa y llega a miles de personas en EE.UU., Cuba, Miami, la di\u00e1spora latina y todo el p\u00fablico que sigue nuestro contenido. Completa este formulario y prepara tu marca para una&nbsp;promoci\u00f3n profesional, que incluye: \u2728 Art\u00edculo completo en AKubaa.com\u2728 Rese\u00f1a personalizada\u2728 Publicaci\u00f3n en YouTube (AKubaa Sin Filtros)\u2728 Impulso [&hellip;]<\/p>\n","protected":false},"author":1,"featured_media":1995,"parent":0,"menu_order":0,"comment_status":"closed","ping_status":"closed","template":"","meta":{"jetpack_post_was_ever_published":false,"footnotes":""},"class_list":["post-1994","page","type-page","status-publish","has-post-thumbnail","hentry"],"yoast_head":"<!-- This site is optimized with the Yoast SEO plugin v27.4 - https:\/\/yoast.com\/product\/yoast-seo-wordpress\/ -->\n<title>Anunciate en AKubaa: Art\u00edculos, Promoci\u00f3n Digital y Alcance Global. AKubaa<\/title>\n<meta name=\"description\" content=\"Promociona tu marca en AKubaa : art\u00edculos profesionales,videos y presencia web garantizada. Lleva tu negocio al pr\u00f3ximo nivel.\" \/>\n<meta name=\"robots\" content=\"index, follow, max-snippet:-1, max-image-preview:large, max-video-preview:-1\" \/>\n<link rel=\"canonical\" href=\"https:\/\/akubaa.com\/index.php\/anunciate-en-akubaa\/\" \/>\n<meta property=\"og:locale\" content=\"es_ES\" \/>\n<meta property=\"og:type\" content=\"article\" \/>\n<meta property=\"og:title\" content=\"Anunciate en AKubaa: Art\u00edculos, Promoci\u00f3n Digital y Alcance Global. AKubaa\" \/>\n<meta property=\"og:description\" content=\"Promociona tu marca en AKubaa : art\u00edculos profesionales,videos y presencia web garantizada. Lleva tu negocio al pr\u00f3ximo nivel.\" \/>\n<meta property=\"og:url\" content=\"https:\/\/akubaa.com\/index.php\/anunciate-en-akubaa\/\" \/>\n<meta property=\"og:site_name\" content=\"AKubaa\" \/>\n<meta property=\"article:publisher\" content=\"https:\/\/www.facebook.com\/akubaa\" \/>\n<meta property=\"article:modified_time\" content=\"2025-11-17T19:35:00+00:00\" \/>\n<meta property=\"og:image\" content=\"https:\/\/akubaa.com\/wp-content\/uploads\/2025\/11\/image-24.png\" \/>\n\t<meta property=\"og:image:width\" content=\"1536\" \/>\n\t<meta property=\"og:image:height\" content=\"1024\" \/>\n\t<meta property=\"og:image:type\" content=\"image\/png\" \/>\n<meta name=\"twitter:card\" content=\"summary_large_image\" \/>\n<meta name=\"twitter:label1\" content=\"Tiempo de lectura\" \/>\n\t<meta name=\"twitter:data1\" content=\"1 minuto\" \/>\n<script type=\"application\/ld+json\" class=\"yoast-schema-graph\">{\"@context\":\"https:\\\/\\\/schema.org\",\"@graph\":[{\"@type\":\"WebPage\",\"@id\":\"https:\\\/\\\/akubaa.com\\\/index.php\\\/anunciate-en-akubaa\\\/\",\"url\":\"https:\\\/\\\/akubaa.com\\\/index.php\\\/anunciate-en-akubaa\\\/\",\"name\":\"Anunciate en AKubaa: Art\u00edculos, Promoci\u00f3n Digital y Alcance Global. AKubaa\",\"isPartOf\":{\"@id\":\"https:\\\/\\\/akubaa.com\\\/#website\"},\"primaryImageOfPage\":{\"@id\":\"https:\\\/\\\/akubaa.com\\\/index.php\\\/anunciate-en-akubaa\\\/#primaryimage\"},\"image\":{\"@id\":\"https:\\\/\\\/akubaa.com\\\/index.php\\\/anunciate-en-akubaa\\\/#primaryimage\"},\"thumbnailUrl\":\"https:\\\/\\\/akubaa.com\\\/wp-content\\\/uploads\\\/2025\\\/11\\\/image-24.png\",\"datePublished\":\"2025-11-17T19:34:50+00:00\",\"dateModified\":\"2025-11-17T19:35:00+00:00\",\"description\":\"Promociona tu marca en AKubaa : art\u00edculos profesionales,videos y presencia web garantizada. Lleva tu negocio al pr\u00f3ximo nivel.\",\"breadcrumb\":{\"@id\":\"https:\\\/\\\/akubaa.com\\\/index.php\\\/anunciate-en-akubaa\\\/#breadcrumb\"},\"inLanguage\":\"es\",\"potentialAction\":[{\"@type\":\"ReadAction\",\"target\":[\"https:\\\/\\\/akubaa.com\\\/index.php\\\/anunciate-en-akubaa\\\/\"]}]},{\"@type\":\"ImageObject\",\"inLanguage\":\"es\",\"@id\":\"https:\\\/\\\/akubaa.com\\\/index.php\\\/anunciate-en-akubaa\\\/#primaryimage\",\"url\":\"https:\\\/\\\/akubaa.com\\\/wp-content\\\/uploads\\\/2025\\\/11\\\/image-24.png\",\"contentUrl\":\"https:\\\/\\\/akubaa.com\\\/wp-content\\\/uploads\\\/2025\\\/11\\\/image-24.png\",\"width\":1536,\"height\":1024},{\"@type\":\"BreadcrumbList\",\"@id\":\"https:\\\/\\\/akubaa.com\\\/index.php\\\/anunciate-en-akubaa\\\/#breadcrumb\",\"itemListElement\":[{\"@type\":\"ListItem\",\"position\":1,\"name\":\"Portada\",\"item\":\"https:\\\/\\\/akubaa.com\\\/\"},{\"@type\":\"ListItem\",\"position\":2,\"name\":\"An\u00fanciate con AKubaa \u2014 Impulsa tu Negocio con Art\u00edculos + Promoci\u00f3n Premium.\"}]},{\"@type\":\"WebSite\",\"@id\":\"https:\\\/\\\/akubaa.com\\\/#website\",\"url\":\"https:\\\/\\\/akubaa.com\\\/\",\"name\":\"AKubaa\",\"description\":\"Vive ,conoce y disfruta Cuba al estilo de A&amp;K.\",\"publisher\":{\"@id\":\"https:\\\/\\\/akubaa.com\\\/#\\\/schema\\\/person\\\/b096b63c1ad27204e55fabb2cf2153a5\"},\"potentialAction\":[{\"@type\":\"SearchAction\",\"target\":{\"@type\":\"EntryPoint\",\"urlTemplate\":\"https:\\\/\\\/akubaa.com\\\/?s={search_term_string}\"},\"query-input\":{\"@type\":\"PropertyValueSpecification\",\"valueRequired\":true,\"valueName\":\"search_term_string\"}}],\"inLanguage\":\"es\"},{\"@type\":[\"Person\",\"Organization\"],\"@id\":\"https:\\\/\\\/akubaa.com\\\/#\\\/schema\\\/person\\\/b096b63c1ad27204e55fabb2cf2153a5\",\"name\":\"AKubaa\",\"image\":{\"@type\":\"ImageObject\",\"inLanguage\":\"es\",\"@id\":\"https:\\\/\\\/akubaa.com\\\/wp-content\\\/uploads\\\/2025\\\/08\\\/Imagen-17.jpeg\",\"url\":\"https:\\\/\\\/akubaa.com\\\/wp-content\\\/uploads\\\/2025\\\/08\\\/Imagen-17.jpeg\",\"contentUrl\":\"https:\\\/\\\/akubaa.com\\\/wp-content\\\/uploads\\\/2025\\\/08\\\/Imagen-17.jpeg\",\"width\":1024,\"height\":1024,\"caption\":\"AKubaa\"},\"logo\":{\"@id\":\"https:\\\/\\\/akubaa.com\\\/wp-content\\\/uploads\\\/2025\\\/08\\\/Imagen-17.jpeg\"},\"sameAs\":[\"https:\\\/\\\/akubaa.com\",\"https:\\\/\\\/www.facebook.com\\\/akubaa\",\"https:\\\/\\\/www.instagram.com\\\/akubaa?\"]}]}<\/script>\n<!-- \/ Yoast SEO plugin. -->","yoast_head_json":{"title":"Anunciate en AKubaa: Art\u00edculos, Promoci\u00f3n Digital y Alcance Global. AKubaa","description":"Promociona tu marca en AKubaa : art\u00edculos profesionales,videos y presencia web garantizada. Lleva tu negocio al pr\u00f3ximo nivel.","robots":{"index":"index","follow":"follow","max-snippet":"max-snippet:-1","max-image-preview":"max-image-preview:large","max-video-preview":"max-video-preview:-1"},"canonical":"https:\/\/akubaa.com\/index.php\/anunciate-en-akubaa\/","og_locale":"es_ES","og_type":"article","og_title":"Anunciate en AKubaa: Art\u00edculos, Promoci\u00f3n Digital y Alcance Global. AKubaa","og_description":"Promociona tu marca en AKubaa : art\u00edculos profesionales,videos y presencia web garantizada. Lleva tu negocio al pr\u00f3ximo nivel.","og_url":"https:\/\/akubaa.com\/index.php\/anunciate-en-akubaa\/","og_site_name":"AKubaa","article_publisher":"https:\/\/www.facebook.com\/akubaa","article_modified_time":"2025-11-17T19:35:00+00:00","og_image":[{"width":1536,"height":1024,"url":"https:\/\/akubaa.com\/wp-content\/uploads\/2025\/11\/image-24.png","type":"image\/png"}],"twitter_card":"summary_large_image","twitter_misc":{"Tiempo de lectura":"1 minuto"},"schema":{"@context":"https:\/\/schema.org","@graph":[{"@type":"WebPage","@id":"https:\/\/akubaa.com\/index.php\/anunciate-en-akubaa\/","url":"https:\/\/akubaa.com\/index.php\/anunciate-en-akubaa\/","name":"Anunciate en AKubaa: Art\u00edculos, Promoci\u00f3n Digital y Alcance Global. AKubaa","isPartOf":{"@id":"https:\/\/akubaa.com\/#website"},"primaryImageOfPage":{"@id":"https:\/\/akubaa.com\/index.php\/anunciate-en-akubaa\/#primaryimage"},"image":{"@id":"https:\/\/akubaa.com\/index.php\/anunciate-en-akubaa\/#primaryimage"},"thumbnailUrl":"https:\/\/akubaa.com\/wp-content\/uploads\/2025\/11\/image-24.png","datePublished":"2025-11-17T19:34:50+00:00","dateModified":"2025-11-17T19:35:00+00:00","description":"Promociona tu marca en AKubaa : art\u00edculos profesionales,videos y presencia web garantizada. Lleva tu negocio al pr\u00f3ximo nivel.","breadcrumb":{"@id":"https:\/\/akubaa.com\/index.php\/anunciate-en-akubaa\/#breadcrumb"},"inLanguage":"es","potentialAction":[{"@type":"ReadAction","target":["https:\/\/akubaa.com\/index.php\/anunciate-en-akubaa\/"]}]},{"@type":"ImageObject","inLanguage":"es","@id":"https:\/\/akubaa.com\/index.php\/anunciate-en-akubaa\/#primaryimage","url":"https:\/\/akubaa.com\/wp-content\/uploads\/2025\/11\/image-24.png","contentUrl":"https:\/\/akubaa.com\/wp-content\/uploads\/2025\/11\/image-24.png","width":1536,"height":1024},{"@type":"BreadcrumbList","@id":"https:\/\/akubaa.com\/index.php\/anunciate-en-akubaa\/#breadcrumb","itemListElement":[{"@type":"ListItem","position":1,"name":"Portada","item":"https:\/\/akubaa.com\/"},{"@type":"ListItem","position":2,"name":"An\u00fanciate con AKubaa \u2014 Impulsa tu Negocio con Art\u00edculos + Promoci\u00f3n Premium."}]},{"@type":"WebSite","@id":"https:\/\/akubaa.com\/#website","url":"https:\/\/akubaa.com\/","name":"AKubaa","description":"Vive ,conoce y disfruta Cuba al estilo de A&amp;K.","publisher":{"@id":"https:\/\/akubaa.com\/#\/schema\/person\/b096b63c1ad27204e55fabb2cf2153a5"},"potentialAction":[{"@type":"SearchAction","target":{"@type":"EntryPoint","urlTemplate":"https:\/\/akubaa.com\/?s={search_term_string}"},"query-input":{"@type":"PropertyValueSpecification","valueRequired":true,"valueName":"search_term_string"}}],"inLanguage":"es"},{"@type":["Person","Organization"],"@id":"https:\/\/akubaa.com\/#\/schema\/person\/b096b63c1ad27204e55fabb2cf2153a5","name":"AKubaa","image":{"@type":"ImageObject","inLanguage":"es","@id":"https:\/\/akubaa.com\/wp-content\/uploads\/2025\/08\/Imagen-17.jpeg","url":"https:\/\/akubaa.com\/wp-content\/uploads\/2025\/08\/Imagen-17.jpeg","contentUrl":"https:\/\/akubaa.com\/wp-content\/uploads\/2025\/08\/Imagen-17.jpeg","width":1024,"height":1024,"caption":"AKubaa"},"logo":{"@id":"https:\/\/akubaa.com\/wp-content\/uploads\/2025\/08\/Imagen-17.jpeg"},"sameAs":["https:\/\/akubaa.com","https:\/\/www.facebook.com\/akubaa","https:\/\/www.instagram.com\/akubaa?"]}]}},"jetpack_sharing_enabled":true,"jetpack_likes_enabled":true,"jetpack-related-posts":[{"id":2170,"url":"https:\/\/akubaa.com\/index.php\/directorio-de-negocios-cubanos-akubaa\/","url_meta":{"origin":1994,"position":0},"title":"Directorio de Negocios Cubanos AKubaa","author":"AKubaa","date":"12\/11\/2025","format":false,"excerpt":"El buscador oficial de emprendimientos cubanos dentro y fuera de la Isla. Como creadora \u00a0y CEO de AKubaa, siempre he cre\u00eddo que los cubanos somos una fuerza econ\u00f3mica y creativa sin fronteras. Nuestro talento, nuestra inventiva y nuestra capacidad de emprender aparecen en cualquier lugar del mundo donde haya un\u2026","rel":"","context":"Entrada similar","block_context":{"text":"Entrada similar","link":""},"img":{"alt_text":"","src":"https:\/\/i0.wp.com\/akubaa.com\/wp-content\/uploads\/2025\/12\/image-14.png?resize=350%2C200&ssl=1","width":350,"height":200,"srcset":"https:\/\/i0.wp.com\/akubaa.com\/wp-content\/uploads\/2025\/12\/image-14.png?resize=350%2C200&ssl=1 1x, https:\/\/i0.wp.com\/akubaa.com\/wp-content\/uploads\/2025\/12\/image-14.png?resize=525%2C300&ssl=1 1.5x, https:\/\/i0.wp.com\/akubaa.com\/wp-content\/uploads\/2025\/12\/image-14.png?resize=700%2C400&ssl=1 2x, https:\/\/i0.wp.com\/akubaa.com\/wp-content\/uploads\/2025\/12\/image-14.png?resize=1050%2C600&ssl=1 3x, https:\/\/i0.wp.com\/akubaa.com\/wp-content\/uploads\/2025\/12\/image-14.png?resize=1400%2C800&ssl=1 4x"},"classes":[]},{"id":2442,"url":"https:\/\/akubaa.com\/index.php\/negocio\/","url_meta":{"origin":1994,"position":1},"title":"Registra tu Negocio","author":"AKubaa","date":"01\/06\/2026","format":false,"excerpt":"\ud83d\udce2 \u00bfTienes un negocio? . Publicalo aqu\u00ed ,solo te tarda un minuto y conecta con personas que buscan lo que t\u00fa ofreces.Clic y descubre todas las ventajas que puede obtener t\u00fa ahora mismo. Es hora de llevarte al lugar que merece sin luchar con el algoritmo. \u2714\ufe0f Publicaci\u00f3n gratuita\u2714\ufe0f Revisi\u00f3n\u2026","rel":"","context":"Entrada similar","block_context":{"text":"Entrada similar","link":""},"img":{"alt_text":"","src":"https:\/\/i0.wp.com\/akubaa.com\/wp-content\/uploads\/2026\/01\/Imagen-223.jpeg?resize=350%2C200&ssl=1","width":350,"height":200,"srcset":"https:\/\/i0.wp.com\/akubaa.com\/wp-content\/uploads\/2026\/01\/Imagen-223.jpeg?resize=350%2C200&ssl=1 1x, https:\/\/i0.wp.com\/akubaa.com\/wp-content\/uploads\/2026\/01\/Imagen-223.jpeg?resize=525%2C300&ssl=1 1.5x, https:\/\/i0.wp.com\/akubaa.com\/wp-content\/uploads\/2026\/01\/Imagen-223.jpeg?resize=700%2C400&ssl=1 2x, https:\/\/i0.wp.com\/akubaa.com\/wp-content\/uploads\/2026\/01\/Imagen-223.jpeg?resize=1050%2C600&ssl=1 3x, https:\/\/i0.wp.com\/akubaa.com\/wp-content\/uploads\/2026\/01\/Imagen-223.jpeg?resize=1400%2C800&ssl=1 4x"},"classes":[]},{"id":2486,"url":"https:\/\/akubaa.com\/index.php\/akbiz-directorio-de-negocios\/","url_meta":{"origin":1994,"position":2},"title":"AKbiz (Directorio de Negocios)","author":"AKubaa","date":"01\/13\/2026","format":false,"excerpt":"Jos\u00e9 Fern\u00e1ndez: El carro de tus sue\u00f1os no se compra con suerte: se compra con el equipo correcto. WhatsApp Sigue Leyendo Aqui \u00a0Robert C. Dominguez\u00a0algo m\u00e1s que un abogado de inmigraci\u00f3n y accidentes. WhatsApp Sigue Leyendo Aqui Aliosky Martinez tener m\u00e1s que un agente de seguro , tener a alguien\u2026","rel":"","context":"Entrada similar","block_context":{"text":"Entrada similar","link":""},"img":{"alt_text":"","src":"https:\/\/i0.wp.com\/akubaa.com\/wp-content\/uploads\/2026\/01\/Imagen-72.jpeg?resize=350%2C200&ssl=1","width":350,"height":200,"srcset":"https:\/\/i0.wp.com\/akubaa.com\/wp-content\/uploads\/2026\/01\/Imagen-72.jpeg?resize=350%2C200&ssl=1 1x, https:\/\/i0.wp.com\/akubaa.com\/wp-content\/uploads\/2026\/01\/Imagen-72.jpeg?resize=525%2C300&ssl=1 1.5x, https:\/\/i0.wp.com\/akubaa.com\/wp-content\/uploads\/2026\/01\/Imagen-72.jpeg?resize=700%2C400&ssl=1 2x, https:\/\/i0.wp.com\/akubaa.com\/wp-content\/uploads\/2026\/01\/Imagen-72.jpeg?resize=1050%2C600&ssl=1 3x, https:\/\/i0.wp.com\/akubaa.com\/wp-content\/uploads\/2026\/01\/Imagen-72.jpeg?resize=1400%2C800&ssl=1 4x"},"classes":[]},{"id":1986,"url":"https:\/\/akubaa.com\/index.php\/escribe-para-akubaa\/","url_meta":{"origin":1994,"position":3},"title":"Escribe para AKubaa","author":"AKubaa","date":"11\/17\/2025","format":false,"excerpt":"Cargando\u2026","rel":"","context":"Entrada similar","block_context":{"text":"Entrada similar","link":""},"img":{"alt_text":"","src":"https:\/\/i0.wp.com\/akubaa.com\/wp-content\/uploads\/2025\/11\/image-23.png?resize=350%2C200&ssl=1","width":350,"height":200,"srcset":"https:\/\/i0.wp.com\/akubaa.com\/wp-content\/uploads\/2025\/11\/image-23.png?resize=350%2C200&ssl=1 1x, https:\/\/i0.wp.com\/akubaa.com\/wp-content\/uploads\/2025\/11\/image-23.png?resize=525%2C300&ssl=1 1.5x, https:\/\/i0.wp.com\/akubaa.com\/wp-content\/uploads\/2025\/11\/image-23.png?resize=700%2C400&ssl=1 2x, https:\/\/i0.wp.com\/akubaa.com\/wp-content\/uploads\/2025\/11\/image-23.png?resize=1050%2C600&ssl=1 3x, https:\/\/i0.wp.com\/akubaa.com\/wp-content\/uploads\/2025\/11\/image-23.png?resize=1400%2C800&ssl=1 4x"},"classes":[]},{"id":1612,"url":"https:\/\/akubaa.com\/index.php\/tienda\/","url_meta":{"origin":1994,"position":4},"title":"Tienda","author":"AKubaa","date":"10\/20\/2025","format":false,"excerpt":"","rel":"","context":"Entrada similar","block_context":{"text":"Entrada similar","link":""},"img":{"alt_text":"","src":"","width":0,"height":0},"classes":[]},{"id":1615,"url":"https:\/\/akubaa.com\/index.php\/mi-cuenta\/","url_meta":{"origin":1994,"position":5},"title":"Mi cuenta","author":"AKubaa","date":"10\/20\/2025","format":false,"excerpt":"","rel":"","context":"Entrada similar","block_context":{"text":"Entrada similar","link":""},"img":{"alt_text":"","src":"","width":0,"height":0},"classes":[]}],"jetpack_shortlink":"https:\/\/wp.me\/PgrKo3-wa","_links":{"self":[{"href":"https:\/\/akubaa.com\/index.php\/wp-json\/wp\/v2\/pages\/1994","targetHints":{"allow":["GET"]}}],"collection":[{"href":"https:\/\/akubaa.com\/index.php\/wp-json\/wp\/v2\/pages"}],"about":[{"href":"https:\/\/akubaa.com\/index.php\/wp-json\/wp\/v2\/types\/page"}],"author":[{"embeddable":true,"href":"https:\/\/akubaa.com\/index.php\/wp-json\/wp\/v2\/users\/1"}],"replies":[{"embeddable":true,"href":"https:\/\/akubaa.com\/index.php\/wp-json\/wp\/v2\/comments?post=1994"}],"version-history":[{"count":0,"href":"https:\/\/akubaa.com\/index.php\/wp-json\/wp\/v2\/pages\/1994\/revisions"}],"wp:featuredmedia":[{"embeddable":true,"href":"https:\/\/akubaa.com\/index.php\/wp-json\/wp\/v2\/media\/1995"}],"wp:attachment":[{"href":"https:\/\/akubaa.com\/index.php\/wp-json\/wp\/v2\/media?parent=1994"}],"curies":[{"name":"wp","href":"https:\/\/api.w.org\/{rel}","templated":true}]}}