{"id":1986,"date":"2025-11-17T12:54:09","date_gmt":"2025-11-17T16:54:09","guid":{"rendered":"https:\/\/akubaa.com\/?page_id=1986"},"modified":"2025-11-17T14:31:05","modified_gmt":"2025-11-17T18:31:05","slug":"escribe-para-akubaa","status":"publish","type":"page","link":"https:\/\/akubaa.com\/index.php\/escribe-para-akubaa\/","title":{"rendered":"Escribe para AKubaa"},"content":{"rendered":"\n<iframe loading=\"lazy\" \n  src=\"https:\/\/docs.google.com\/forms\/d\/e\/1FAIpQLSeBNjrUGgg9t6351ZGwAeCD5Pivxex30GGIa5rDZSn_k9uuEA\/viewform?embedded=true\" \n  width=\"100%\" \n  height=\"1700\" \n  frameborder=\"0\" \n  marginheight=\"0\" \n  marginwidth=\"0\">\nCargando\u2026\n<\/iframe>\n\n","protected":false},"excerpt":{"rendered":"<p>Cargando\u2026<\/p>\n","protected":false},"author":1,"featured_media":1989,"parent":0,"menu_order":0,"comment_status":"closed","ping_status":"closed","template":"","meta":{"jetpack_post_was_ever_published":false,"footnotes":""},"class_list":["post-1986","page","type-page","status-publish","has-post-thumbnail","hentry"],"yoast_head":"<!-- This site is optimized with the Yoast SEO plugin v27.4 - https:\/\/yoast.com\/product\/yoast-seo-wordpress\/ -->\n<title>Escribe para AKubaa - AKubaa<\/title>\n<meta name=\"description\" content=\"En AKubaa buscamos colaboradores con alma cubana, honestidad y ganas de contar la verdad sin filtros.Completa este formulario para enviar tu art\u00edculo\" \/>\n<meta name=\"robots\" content=\"index, follow, max-snippet:-1, max-image-preview:large, max-video-preview:-1\" \/>\n<link rel=\"canonical\" href=\"https:\/\/akubaa.com\/index.php\/escribe-para-akubaa\/\" \/>\n<meta property=\"og:locale\" content=\"es_ES\" \/>\n<meta property=\"og:type\" content=\"article\" \/>\n<meta property=\"og:title\" content=\"Escribe para AKubaa - AKubaa\" \/>\n<meta property=\"og:description\" content=\"En AKubaa buscamos colaboradores con alma cubana, honestidad y ganas de contar la verdad sin filtros.Completa este formulario para enviar tu art\u00edculo\" \/>\n<meta property=\"og:url\" content=\"https:\/\/akubaa.com\/index.php\/escribe-para-akubaa\/\" \/>\n<meta property=\"og:site_name\" content=\"AKubaa\" \/>\n<meta property=\"article:publisher\" content=\"https:\/\/www.facebook.com\/akubaa\" \/>\n<meta property=\"article:modified_time\" content=\"2025-11-17T18:31:05+00:00\" \/>\n<meta property=\"og:image\" content=\"https:\/\/akubaa.com\/wp-content\/uploads\/2025\/11\/image-23-1024x683.png\" \/>\n\t<meta property=\"og:image:width\" content=\"1024\" \/>\n\t<meta property=\"og:image:height\" content=\"683\" \/>\n\t<meta property=\"og:image:type\" content=\"image\/png\" \/>\n<meta name=\"twitter:card\" content=\"summary_large_image\" \/>\n<meta name=\"twitter:label1\" content=\"Tiempo de lectura\" \/>\n\t<meta name=\"twitter:data1\" content=\"1 minuto\" \/>\n<script type=\"application\/ld+json\" class=\"yoast-schema-graph\">{\"@context\":\"https:\\\/\\\/schema.org\",\"@graph\":[{\"@type\":\"WebPage\",\"@id\":\"https:\\\/\\\/akubaa.com\\\/index.php\\\/escribe-para-akubaa\\\/\",\"url\":\"https:\\\/\\\/akubaa.com\\\/index.php\\\/escribe-para-akubaa\\\/\",\"name\":\"Escribe para AKubaa - AKubaa\",\"isPartOf\":{\"@id\":\"https:\\\/\\\/akubaa.com\\\/#website\"},\"primaryImageOfPage\":{\"@id\":\"https:\\\/\\\/akubaa.com\\\/index.php\\\/escribe-para-akubaa\\\/#primaryimage\"},\"image\":{\"@id\":\"https:\\\/\\\/akubaa.com\\\/index.php\\\/escribe-para-akubaa\\\/#primaryimage\"},\"thumbnailUrl\":\"https:\\\/\\\/akubaa.com\\\/wp-content\\\/uploads\\\/2025\\\/11\\\/image-23.png\",\"datePublished\":\"2025-11-17T16:54:09+00:00\",\"dateModified\":\"2025-11-17T18:31:05+00:00\",\"description\":\"En AKubaa buscamos colaboradores con alma cubana, honestidad y ganas de contar la verdad sin filtros.Completa este formulario para enviar tu art\u00edculo, propuesta o idea.\",\"breadcrumb\":{\"@id\":\"https:\\\/\\\/akubaa.com\\\/index.php\\\/escribe-para-akubaa\\\/#breadcrumb\"},\"inLanguage\":\"es\",\"potentialAction\":[{\"@type\":\"ReadAction\",\"target\":[\"https:\\\/\\\/akubaa.com\\\/index.php\\\/escribe-para-akubaa\\\/\"]}]},{\"@type\":\"ImageObject\",\"inLanguage\":\"es\",\"@id\":\"https:\\\/\\\/akubaa.com\\\/index.php\\\/escribe-para-akubaa\\\/#primaryimage\",\"url\":\"https:\\\/\\\/akubaa.com\\\/wp-content\\\/uploads\\\/2025\\\/11\\\/image-23.png\",\"contentUrl\":\"https:\\\/\\\/akubaa.com\\\/wp-content\\\/uploads\\\/2025\\\/11\\\/image-23.png\",\"width\":1536,\"height\":1024},{\"@type\":\"BreadcrumbList\",\"@id\":\"https:\\\/\\\/akubaa.com\\\/index.php\\\/escribe-para-akubaa\\\/#breadcrumb\",\"itemListElement\":[{\"@type\":\"ListItem\",\"position\":1,\"name\":\"Portada\",\"item\":\"https:\\\/\\\/akubaa.com\\\/\"},{\"@type\":\"ListItem\",\"position\":2,\"name\":\"Escribe para AKubaa\"}]},{\"@type\":\"WebSite\",\"@id\":\"https:\\\/\\\/akubaa.com\\\/#website\",\"url\":\"https:\\\/\\\/akubaa.com\\\/\",\"name\":\"AKubaa\",\"description\":\"Vive ,conoce y disfruta Cuba al estilo de A&amp;K.\",\"publisher\":{\"@id\":\"https:\\\/\\\/akubaa.com\\\/#\\\/schema\\\/person\\\/b096b63c1ad27204e55fabb2cf2153a5\"},\"potentialAction\":[{\"@type\":\"SearchAction\",\"target\":{\"@type\":\"EntryPoint\",\"urlTemplate\":\"https:\\\/\\\/akubaa.com\\\/?s={search_term_string}\"},\"query-input\":{\"@type\":\"PropertyValueSpecification\",\"valueRequired\":true,\"valueName\":\"search_term_string\"}}],\"inLanguage\":\"es\"},{\"@type\":[\"Person\",\"Organization\"],\"@id\":\"https:\\\/\\\/akubaa.com\\\/#\\\/schema\\\/person\\\/b096b63c1ad27204e55fabb2cf2153a5\",\"name\":\"AKubaa\",\"image\":{\"@type\":\"ImageObject\",\"inLanguage\":\"es\",\"@id\":\"https:\\\/\\\/akubaa.com\\\/wp-content\\\/uploads\\\/2025\\\/08\\\/Imagen-17.jpeg\",\"url\":\"https:\\\/\\\/akubaa.com\\\/wp-content\\\/uploads\\\/2025\\\/08\\\/Imagen-17.jpeg\",\"contentUrl\":\"https:\\\/\\\/akubaa.com\\\/wp-content\\\/uploads\\\/2025\\\/08\\\/Imagen-17.jpeg\",\"width\":1024,\"height\":1024,\"caption\":\"AKubaa\"},\"logo\":{\"@id\":\"https:\\\/\\\/akubaa.com\\\/wp-content\\\/uploads\\\/2025\\\/08\\\/Imagen-17.jpeg\"},\"sameAs\":[\"https:\\\/\\\/akubaa.com\",\"https:\\\/\\\/www.facebook.com\\\/akubaa\",\"https:\\\/\\\/www.instagram.com\\\/akubaa?\"]}]}<\/script>\n<!-- \/ Yoast SEO plugin. -->","yoast_head_json":{"title":"Escribe para AKubaa - AKubaa","description":"En AKubaa buscamos colaboradores con alma cubana, honestidad y ganas de contar la verdad sin filtros.Completa este formulario para enviar tu art\u00edculo","robots":{"index":"index","follow":"follow","max-snippet":"max-snippet:-1","max-image-preview":"max-image-preview:large","max-video-preview":"max-video-preview:-1"},"canonical":"https:\/\/akubaa.com\/index.php\/escribe-para-akubaa\/","og_locale":"es_ES","og_type":"article","og_title":"Escribe para AKubaa - AKubaa","og_description":"En AKubaa buscamos colaboradores con alma cubana, honestidad y ganas de contar la verdad sin filtros.Completa este formulario para enviar tu art\u00edculo","og_url":"https:\/\/akubaa.com\/index.php\/escribe-para-akubaa\/","og_site_name":"AKubaa","article_publisher":"https:\/\/www.facebook.com\/akubaa","article_modified_time":"2025-11-17T18:31:05+00:00","og_image":[{"width":1024,"height":683,"url":"https:\/\/akubaa.com\/wp-content\/uploads\/2025\/11\/image-23-1024x683.png","type":"image\/png"}],"twitter_card":"summary_large_image","twitter_misc":{"Tiempo de lectura":"1 minuto"},"schema":{"@context":"https:\/\/schema.org","@graph":[{"@type":"WebPage","@id":"https:\/\/akubaa.com\/index.php\/escribe-para-akubaa\/","url":"https:\/\/akubaa.com\/index.php\/escribe-para-akubaa\/","name":"Escribe para AKubaa - AKubaa","isPartOf":{"@id":"https:\/\/akubaa.com\/#website"},"primaryImageOfPage":{"@id":"https:\/\/akubaa.com\/index.php\/escribe-para-akubaa\/#primaryimage"},"image":{"@id":"https:\/\/akubaa.com\/index.php\/escribe-para-akubaa\/#primaryimage"},"thumbnailUrl":"https:\/\/akubaa.com\/wp-content\/uploads\/2025\/11\/image-23.png","datePublished":"2025-11-17T16:54:09+00:00","dateModified":"2025-11-17T18:31:05+00:00","description":"En AKubaa buscamos colaboradores con alma cubana, honestidad y ganas de contar la verdad sin filtros.Completa este formulario para enviar tu art\u00edculo, propuesta o idea.","breadcrumb":{"@id":"https:\/\/akubaa.com\/index.php\/escribe-para-akubaa\/#breadcrumb"},"inLanguage":"es","potentialAction":[{"@type":"ReadAction","target":["https:\/\/akubaa.com\/index.php\/escribe-para-akubaa\/"]}]},{"@type":"ImageObject","inLanguage":"es","@id":"https:\/\/akubaa.com\/index.php\/escribe-para-akubaa\/#primaryimage","url":"https:\/\/akubaa.com\/wp-content\/uploads\/2025\/11\/image-23.png","contentUrl":"https:\/\/akubaa.com\/wp-content\/uploads\/2025\/11\/image-23.png","width":1536,"height":1024},{"@type":"BreadcrumbList","@id":"https:\/\/akubaa.com\/index.php\/escribe-para-akubaa\/#breadcrumb","itemListElement":[{"@type":"ListItem","position":1,"name":"Portada","item":"https:\/\/akubaa.com\/"},{"@type":"ListItem","position":2,"name":"Escribe para AKubaa"}]},{"@type":"WebSite","@id":"https:\/\/akubaa.com\/#website","url":"https:\/\/akubaa.com\/","name":"AKubaa","description":"Vive ,conoce y disfruta Cuba al estilo de A&amp;K.","publisher":{"@id":"https:\/\/akubaa.com\/#\/schema\/person\/b096b63c1ad27204e55fabb2cf2153a5"},"potentialAction":[{"@type":"SearchAction","target":{"@type":"EntryPoint","urlTemplate":"https:\/\/akubaa.com\/?s={search_term_string}"},"query-input":{"@type":"PropertyValueSpecification","valueRequired":true,"valueName":"search_term_string"}}],"inLanguage":"es"},{"@type":["Person","Organization"],"@id":"https:\/\/akubaa.com\/#\/schema\/person\/b096b63c1ad27204e55fabb2cf2153a5","name":"AKubaa","image":{"@type":"ImageObject","inLanguage":"es","@id":"https:\/\/akubaa.com\/wp-content\/uploads\/2025\/08\/Imagen-17.jpeg","url":"https:\/\/akubaa.com\/wp-content\/uploads\/2025\/08\/Imagen-17.jpeg","contentUrl":"https:\/\/akubaa.com\/wp-content\/uploads\/2025\/08\/Imagen-17.jpeg","width":1024,"height":1024,"caption":"AKubaa"},"logo":{"@id":"https:\/\/akubaa.com\/wp-content\/uploads\/2025\/08\/Imagen-17.jpeg"},"sameAs":["https:\/\/akubaa.com","https:\/\/www.facebook.com\/akubaa","https:\/\/www.instagram.com\/akubaa?"]}]}},"jetpack_sharing_enabled":true,"jetpack_likes_enabled":true,"jetpack-related-posts":[{"id":1994,"url":"https:\/\/akubaa.com\/index.php\/anunciate-en-akubaa\/","url_meta":{"origin":1986,"position":0},"title":"An\u00fanciate con AKubaa \u2014 Impulsa tu Negocio con Art\u00edculos + Promoci\u00f3n Premium.","author":"AKubaa","date":"11\/17\/2025","format":false,"excerpt":"DESCRIPCI\u00d3N DEL FORMULARIO Promociona tu negocio con AKubaa y llega a miles de personas en EE.UU., Cuba, Miami, la di\u00e1spora latina y todo el p\u00fablico que sigue nuestro contenido. Completa este formulario y prepara tu marca para una\u00a0promoci\u00f3n profesional, que incluye: \u2728 Art\u00edculo completo en AKubaa.com\u2728 Rese\u00f1a personalizada\u2728 Publicaci\u00f3n en\u2026","rel":"","context":"Entrada similar","block_context":{"text":"Entrada similar","link":""},"img":{"alt_text":"","src":"https:\/\/i0.wp.com\/akubaa.com\/wp-content\/uploads\/2025\/11\/image-24.png?resize=350%2C200&ssl=1","width":350,"height":200,"srcset":"https:\/\/i0.wp.com\/akubaa.com\/wp-content\/uploads\/2025\/11\/image-24.png?resize=350%2C200&ssl=1 1x, https:\/\/i0.wp.com\/akubaa.com\/wp-content\/uploads\/2025\/11\/image-24.png?resize=525%2C300&ssl=1 1.5x, https:\/\/i0.wp.com\/akubaa.com\/wp-content\/uploads\/2025\/11\/image-24.png?resize=700%2C400&ssl=1 2x, https:\/\/i0.wp.com\/akubaa.com\/wp-content\/uploads\/2025\/11\/image-24.png?resize=1050%2C600&ssl=1 3x, https:\/\/i0.wp.com\/akubaa.com\/wp-content\/uploads\/2025\/11\/image-24.png?resize=1400%2C800&ssl=1 4x"},"classes":[]},{"id":65,"url":"https:\/\/akubaa.com\/index.php\/quienes-somos\/","url_meta":{"origin":1986,"position":1},"title":"\u00bfQuienes Somos?","author":"AKubaa","date":"03\/28\/2025","format":false,"excerpt":"Somos una\u00a0compa\u00f1ia fundada el a\u00f1o 2023\u00a0por dos apasionados de la tecnolog\u00eda.Nuestro proyecto ve la luz con un objetivo muy claro proporcionar informaci\u00f3n sobre todo lo relacionado con los dispositivos inteligentes, desde smartphone hasta autos el\u00e9ctricos y ayudar a cada persona a sacarle el mayor provecho a su\u00a0dispositivo electr\u00f3nico inteligente o\u2026","rel":"","context":"Entrada similar","block_context":{"text":"Entrada similar","link":""},"img":{"alt_text":"","src":"https:\/\/i0.wp.com\/akubaa.com\/wp-content\/uploads\/2025\/06\/image-4.png?resize=350%2C200&ssl=1","width":350,"height":200,"srcset":"https:\/\/i0.wp.com\/akubaa.com\/wp-content\/uploads\/2025\/06\/image-4.png?resize=350%2C200&ssl=1 1x, https:\/\/i0.wp.com\/akubaa.com\/wp-content\/uploads\/2025\/06\/image-4.png?resize=525%2C300&ssl=1 1.5x, https:\/\/i0.wp.com\/akubaa.com\/wp-content\/uploads\/2025\/06\/image-4.png?resize=700%2C400&ssl=1 2x, https:\/\/i0.wp.com\/akubaa.com\/wp-content\/uploads\/2025\/06\/image-4.png?resize=1050%2C600&ssl=1 3x, https:\/\/i0.wp.com\/akubaa.com\/wp-content\/uploads\/2025\/06\/image-4.png?resize=1400%2C800&ssl=1 4x"},"classes":[]},{"id":1612,"url":"https:\/\/akubaa.com\/index.php\/tienda\/","url_meta":{"origin":1986,"position":2},"title":"Tienda","author":"AKubaa","date":"10\/20\/2025","format":false,"excerpt":"","rel":"","context":"Entrada similar","block_context":{"text":"Entrada similar","link":""},"img":{"alt_text":"","src":"","width":0,"height":0},"classes":[]},{"id":1615,"url":"https:\/\/akubaa.com\/index.php\/mi-cuenta\/","url_meta":{"origin":1986,"position":3},"title":"Mi cuenta","author":"AKubaa","date":"10\/20\/2025","format":false,"excerpt":"","rel":"","context":"Entrada similar","block_context":{"text":"Entrada similar","link":""},"img":{"alt_text":"","src":"","width":0,"height":0},"classes":[]},{"id":2449,"url":"https:\/\/akubaa.com\/index.php\/ubicacion\/","url_meta":{"origin":1986,"position":4},"title":"Ubicaci\u00f3n","author":"AKubaa","date":"01\/06\/2026","format":false,"excerpt":"","rel":"","context":"Entrada similar","block_context":{"text":"Entrada similar","link":""},"img":{"alt_text":"","src":"","width":0,"height":0},"classes":[]},{"id":2448,"url":"https:\/\/akubaa.com\/index.php\/buscar\/","url_meta":{"origin":1986,"position":5},"title":"P\u00e1gina de b\u00fasqueda","author":"AKubaa","date":"01\/06\/2026","format":false,"excerpt":"","rel":"","context":"Entrada similar","block_context":{"text":"Entrada similar","link":""},"img":{"alt_text":"","src":"","width":0,"height":0},"classes":[]}],"jetpack_shortlink":"https:\/\/wp.me\/PgrKo3-w2","_links":{"self":[{"href":"https:\/\/akubaa.com\/index.php\/wp-json\/wp\/v2\/pages\/1986","targetHints":{"allow":["GET"]}}],"collection":[{"href":"https:\/\/akubaa.com\/index.php\/wp-json\/wp\/v2\/pages"}],"about":[{"href":"https:\/\/akubaa.com\/index.php\/wp-json\/wp\/v2\/types\/page"}],"author":[{"embeddable":true,"href":"https:\/\/akubaa.com\/index.php\/wp-json\/wp\/v2\/users\/1"}],"replies":[{"embeddable":true,"href":"https:\/\/akubaa.com\/index.php\/wp-json\/wp\/v2\/comments?post=1986"}],"version-history":[{"count":0,"href":"https:\/\/akubaa.com\/index.php\/wp-json\/wp\/v2\/pages\/1986\/revisions"}],"wp:featuredmedia":[{"embeddable":true,"href":"https:\/\/akubaa.com\/index.php\/wp-json\/wp\/v2\/media\/1989"}],"wp:attachment":[{"href":"https:\/\/akubaa.com\/index.php\/wp-json\/wp\/v2\/media?parent=1986"}],"curies":[{"name":"wp","href":"https:\/\/api.w.org\/{rel}","templated":true}]}}